{"id":3876,"date":"2025-12-12T14:38:26","date_gmt":"2025-12-12T13:38:26","guid":{"rendered":"https:\/\/newsite.reces.it\/prodotto\/montatalones-de-clavos-rc-81\/"},"modified":"2025-12-12T14:38:26","modified_gmt":"2025-12-12T13:38:26","slug":"montatalones-de-clavos-rc-81","status":"publish","type":"product","link":"https:\/\/reces.it\/es\/prodotto\/montatalones-de-clavos-rc-81\/","title":{"rendered":"Montatalones de Clavos RC 81"},"content":{"rendered":"<p>La <strong>Montatalones modelo RC 81<\/strong> producida por <strong>Reces<\/strong>, de funcionamiento oleodin\u00e1mico, realiza el <strong>montado del tal\u00f3n con clavos<\/strong>.<\/p>\n<p>Las <strong><u>caracter\u00edsticas principales<\/u><\/strong> de la RC 81 son:<\/p>\n<ul>\n<li><u>Cabezal retr\u00e1ctil<\/u>: Este sistema sirve para facilitar el uso de la pinza manual por parte del operador. <\/li>\n<li><u>Cargador de peine<\/u>: Con posibilidad de trabajar con 22, 20 o 18 clavos.<\/li>\n<li><u>Carga del cargador sin ciclos en vac\u00edo<\/u>: Posibilidad de cargar el dispositivo sin necesidad de realizar disparos perdidos.<\/li>\n<li><u>Dispositivo de se\u00f1alizaci\u00f3n de aver\u00eda<\/u>: Indica fallos en el cargador con el consecuente <u>bloqueo autom\u00e1tico<\/u> del mismo.<\/li>\n<li><u>Martillos inclinados<\/u>: Para un mejor remachado del clavo.<\/li>\n<li><u>Accionamiento de martillos oleodin\u00e1mico<\/u>: Para reducir la contaminaci\u00f3n ac\u00fastica (ruido).<\/li>\n<li><u>Regulaci\u00f3n de cierre directa<\/u>: Posibilidad de efectuar el ajuste sobre el zapato <u>mediante un servomecanismo<\/u>.<\/li>\n<li>Columna central con <u>regulaci\u00f3n de flexi\u00f3n<\/u>.<\/li>\n<li><u>Temporizador<\/u>: Para el planchado y para el retardo del clavado.<\/li>\n<li><u>Cambio r\u00e1pido de sistema<\/u>: Paso de la fabricaci\u00f3n con clavos a la de adhesivo (cola) <u>con el solo accionamiento de un interruptor<\/u>.<\/li>\n<li><u>Dispositivo autom\u00e1tico<\/u> para altas producciones.<\/li>\n<li><u>Instalaci\u00f3n el\u00e9ctrica<\/u> y <u>motor tropicalizados<\/u> de serie.<\/li>\n<\/ul>\n","protected":false},"excerpt":{"rendered":"<p>Montatalones RC 81 Reces para el montado del tal\u00f3n con clavos.<\/p>\n","protected":false},"featured_media":3461,"template":"","meta":[],"product_brand":[],"product_cat":[72],"product_tag":[],"class_list":{"0":"post-3876","1":"product","2":"type-product","3":"status-publish","4":"has-post-thumbnail","6":"product_cat-maquina-para-montar-talones","8":"first","9":"instock","10":"shipping-taxable","11":"product-type-simple"},"_links":{"self":[{"href":"https:\/\/reces.it\/es\/wp-json\/wp\/v2\/product\/3876","targetHints":{"allow":["GET"]}}],"collection":[{"href":"https:\/\/reces.it\/es\/wp-json\/wp\/v2\/product"}],"about":[{"href":"https:\/\/reces.it\/es\/wp-json\/wp\/v2\/types\/product"}],"version-history":[{"count":0,"href":"https:\/\/reces.it\/es\/wp-json\/wp\/v2\/product\/3876\/revisions"}],"wp:featuredmedia":[{"embeddable":true,"href":"https:\/\/reces.it\/es\/wp-json\/wp\/v2\/media\/3461"}],"wp:attachment":[{"href":"https:\/\/reces.it\/es\/wp-json\/wp\/v2\/media?parent=3876"}],"wp:term":[{"taxonomy":"product_brand","embeddable":true,"href":"https:\/\/reces.it\/es\/wp-json\/wp\/v2\/product_brand?post=3876"},{"taxonomy":"product_cat","embeddable":true,"href":"https:\/\/reces.it\/es\/wp-json\/wp\/v2\/product_cat?post=3876"},{"taxonomy":"product_tag","embeddable":true,"href":"https:\/\/reces.it\/es\/wp-json\/wp\/v2\/product_tag?post=3876"}],"curies":[{"name":"wp","href":"https:\/\/api.w.org\/{rel}","templated":true}]}}