{"id":3874,"date":"2025-12-12T12:46:07","date_gmt":"2025-12-12T11:46:07","guid":{"rendered":"https:\/\/newsite.reces.it\/prodotto\/placas-de-montado\/"},"modified":"2025-12-12T12:46:07","modified_gmt":"2025-12-12T11:46:07","slug":"placas-de-montado","status":"publish","type":"product","link":"https:\/\/reces.it\/es\/prodotto\/placas-de-montado\/","title":{"rendered":"Placas de Montado"},"content":{"rendered":"<p>Est\u00e1n disponibles las<strong> placas Reces<\/strong> para <strong>m\u00e1quinas montacu\u00f1os<\/strong> y para <strong>m\u00e1quinas montacu\u00f1os y montaenfranques<\/strong> para:<\/p>\n<ul>\n<li>Fabricaci\u00f3n de se\u00f1ora<\/li>\n<li>Fabricaci\u00f3n de caballero<\/li>\n<li>Fabricaci\u00f3n de ni\u00f1o.<\/li>\n<\/ul>\n<p>&nbsp;<\/p>\n<p>Las placas est\u00e1n disponibles tanto para m\u00e1quinas de clavos como de termopl\u00e1stico.<\/p>\n","protected":false},"excerpt":{"rendered":"<p>Pareja de placas de montado Reces.<\/p>\n","protected":false},"featured_media":3423,"template":"","meta":[],"product_brand":[],"product_cat":[71],"product_tag":[],"class_list":{"0":"post-3874","1":"product","2":"type-product","3":"status-publish","4":"has-post-thumbnail","6":"product_cat-maquina-para-montar-talones-y-enfranques","8":"first","9":"instock","10":"shipping-taxable","11":"product-type-simple"},"_links":{"self":[{"href":"https:\/\/reces.it\/es\/wp-json\/wp\/v2\/product\/3874","targetHints":{"allow":["GET"]}}],"collection":[{"href":"https:\/\/reces.it\/es\/wp-json\/wp\/v2\/product"}],"about":[{"href":"https:\/\/reces.it\/es\/wp-json\/wp\/v2\/types\/product"}],"version-history":[{"count":0,"href":"https:\/\/reces.it\/es\/wp-json\/wp\/v2\/product\/3874\/revisions"}],"wp:featuredmedia":[{"embeddable":true,"href":"https:\/\/reces.it\/es\/wp-json\/wp\/v2\/media\/3423"}],"wp:attachment":[{"href":"https:\/\/reces.it\/es\/wp-json\/wp\/v2\/media?parent=3874"}],"wp:term":[{"taxonomy":"product_brand","embeddable":true,"href":"https:\/\/reces.it\/es\/wp-json\/wp\/v2\/product_brand?post=3874"},{"taxonomy":"product_cat","embeddable":true,"href":"https:\/\/reces.it\/es\/wp-json\/wp\/v2\/product_cat?post=3874"},{"taxonomy":"product_tag","embeddable":true,"href":"https:\/\/reces.it\/es\/wp-json\/wp\/v2\/product_tag?post=3874"}],"curies":[{"name":"wp","href":"https:\/\/api.w.org\/{rel}","templated":true}]}}