{"id":3872,"date":"2025-12-12T11:51:10","date_gmt":"2025-12-12T10:51:10","guid":{"rendered":"https:\/\/newsite.reces.it\/prodotto\/rc-81-sr-ip-master-2\/"},"modified":"2026-01-09T12:15:17","modified_gmt":"2026-01-09T11:15:17","slug":"rc-81-sr-ip-master-2","status":"publish","type":"product","link":"https:\/\/reces.it\/es\/prodotto\/rc-81-sr-ip-master-2\/","title":{"rendered":"RC 81 SR IP Master"},"content":{"rendered":"<p><strong>M\u00e1quina para montar talones<\/strong> de clavos o termoplastico y <strong>enfranque<\/strong> de termpolastico con funcionamiento por microprocesador, <strong>apta para el montado del tal\u00f3n y del enfranque de calzado<\/strong> de caballero, se\u00f1ora y ni\u00f1o <strong>en una sola operaci\u00f3n<\/strong>.<\/p>\n<p>La m\u00e1quina <strong>RC 81 SR IP MASTER<\/strong> fabricada por <strong>Reces<\/strong> est\u00e1 dotada de <strong>innovadores inyectores<\/strong> para la aplicaci\u00f3n del termopl\u00e1stico que, controlados por el microprocesador, aplican el material sobre la planta siguiendo el <strong>perfil memorizado<\/strong> y obteniendo una <strong>distribuci\u00f3n precisa del adhesivo<\/strong>.<\/p>\n<p>La m\u00e1quina memoriza hasta 100 programas y ejecuta autom\u00e1ticamente todos los ajustes necesarios al cambiar de horma o de modelo de fabricaci\u00f3n.<\/p>\n<p>La <strong>RC 81 SR IP MASTER<\/strong> puede suministrarse en la <strong>versi\u00f3n base &#8216;tal\u00f3n y enfranques&#8217;<\/strong> de termopl\u00e1stico (mod. RC 81 SR TC I\/P master) o bien en la <strong>versi\u00f3n &#8216;tal\u00f3n de clavos y enfranques <\/strong>de termopl\u00e1stico&#8217; (mod. RC 81 SR I\/P master). Esta \u00faltima tiene la posibilidad de realizar el montado del tal\u00f3n tanto con clavos como con termopl\u00e1stico seg\u00fan las exigencias de producci\u00f3n, lo que la convierte en una <strong>m\u00e1quina bivalente<\/strong> y <strong>\u00fanica en su g\u00e9nero<\/strong>. <\/p>\n<p>&nbsp;<\/p>\n<p>Los <strong>principales ajustes<\/strong> que la m\u00e1quina ejecuta autom\u00e1ticamente son:<\/p>\n<ul>\n<li>REGULACI\u00d3N AUTOM\u00c1TICA DE LA INCLINACI\u00d3N DEL GRUPO MONTAENFRANQUES<\/li>\n<li>REGULACI\u00d3N AUTOM\u00c1TICA DE LA ALTURA DEL GRUPO MONTAENFRANQUES<\/li>\n<li>PERFIL DE APLICACI\u00d3N DEL TERMOPL\u00c1STICO SOBRE LA PLANTA<\/li>\n<li>POSICIONAMIENTO AUTOM\u00c1TICO DE LA ALTURA DE LA HORMA<\/li>\n<li>REGULACI\u00d3N AUTOM\u00c1TICA DE LA POSICI\u00d3N DEL COLUMNA Y DEL GRUPO APOYA-PUNTAS<\/li>\n<\/ul>\n","protected":false},"excerpt":{"rendered":"<p>M\u00e1quina, fabricada por Reces, para montar talones y enfranques de calzado de caballero, se\u00f1ora y ni\u00f1o en una sola operaci\u00f3n.<\/p>\n","protected":false},"featured_media":3415,"template":"","meta":[],"product_brand":[],"product_cat":[71],"product_tag":[],"class_list":{"0":"post-3872","1":"product","2":"type-product","3":"status-publish","4":"has-post-thumbnail","6":"product_cat-maquina-para-montar-talones-y-enfranques","8":"first","9":"instock","10":"shipping-taxable","11":"product-type-simple"},"_links":{"self":[{"href":"https:\/\/reces.it\/es\/wp-json\/wp\/v2\/product\/3872","targetHints":{"allow":["GET"]}}],"collection":[{"href":"https:\/\/reces.it\/es\/wp-json\/wp\/v2\/product"}],"about":[{"href":"https:\/\/reces.it\/es\/wp-json\/wp\/v2\/types\/product"}],"version-history":[{"count":3,"href":"https:\/\/reces.it\/es\/wp-json\/wp\/v2\/product\/3872\/revisions"}],"predecessor-version":[{"id":3935,"href":"https:\/\/reces.it\/es\/wp-json\/wp\/v2\/product\/3872\/revisions\/3935"}],"wp:featuredmedia":[{"embeddable":true,"href":"https:\/\/reces.it\/es\/wp-json\/wp\/v2\/media\/3415"}],"wp:attachment":[{"href":"https:\/\/reces.it\/es\/wp-json\/wp\/v2\/media?parent=3872"}],"wp:term":[{"taxonomy":"product_brand","embeddable":true,"href":"https:\/\/reces.it\/es\/wp-json\/wp\/v2\/product_brand?post=3872"},{"taxonomy":"product_cat","embeddable":true,"href":"https:\/\/reces.it\/es\/wp-json\/wp\/v2\/product_cat?post=3872"},{"taxonomy":"product_tag","embeddable":true,"href":"https:\/\/reces.it\/es\/wp-json\/wp\/v2\/product_tag?post=3872"}],"curies":[{"name":"wp","href":"https:\/\/api.w.org\/{rel}","templated":true}]}}