{"id":3866,"date":"2025-12-11T16:26:34","date_gmt":"2025-12-11T15:26:34","guid":{"rendered":"https:\/\/newsite.reces.it\/prodotto\/bandas-de-teflon\/"},"modified":"2025-12-11T16:26:34","modified_gmt":"2025-12-11T15:26:34","slug":"bandas-de-teflon","status":"publish","type":"product","link":"https:\/\/reces.it\/es\/prodotto\/bandas-de-teflon\/","title":{"rendered":"Bandas de Tefl\u00f3n"},"content":{"rendered":"<p>Producimos, en nuestra propia f\u00e1brica, las <strong>bandas de tefl\u00f3n<\/strong> para todas las <strong>premontadoras-montadoras Reces<\/strong> fabricadas hasta la fecha.<\/p>\n<p>Tambi\u00e9n disponemos de bandas en otros materiales para satisfacer las diversas exigencias.<\/p>\n<p>Adem\u00e1s de los <strong>teflones para el montado est\u00e1ndar y Goodyear<\/strong>, fabricamos <strong>bandas para el proceso IDEAL<\/strong><\/p>\n","protected":false},"excerpt":{"rendered":"<p>Producci\u00f3n de bandas de tefl\u00f3n, as\u00ed como en otros materiales, para todas las premontadoras-montadoras Reces.<\/p>\n","protected":false},"featured_media":3396,"template":"","meta":[],"product_brand":[],"product_cat":[70],"product_tag":[],"class_list":{"0":"post-3866","1":"product","2":"type-product","3":"status-publish","4":"has-post-thumbnail","6":"product_cat-maquina-para-centrar-y-montar","8":"first","9":"instock","10":"shipping-taxable","11":"product-type-simple"},"_links":{"self":[{"href":"https:\/\/reces.it\/es\/wp-json\/wp\/v2\/product\/3866","targetHints":{"allow":["GET"]}}],"collection":[{"href":"https:\/\/reces.it\/es\/wp-json\/wp\/v2\/product"}],"about":[{"href":"https:\/\/reces.it\/es\/wp-json\/wp\/v2\/types\/product"}],"version-history":[{"count":0,"href":"https:\/\/reces.it\/es\/wp-json\/wp\/v2\/product\/3866\/revisions"}],"wp:featuredmedia":[{"embeddable":true,"href":"https:\/\/reces.it\/es\/wp-json\/wp\/v2\/media\/3396"}],"wp:attachment":[{"href":"https:\/\/reces.it\/es\/wp-json\/wp\/v2\/media?parent=3866"}],"wp:term":[{"taxonomy":"product_brand","embeddable":true,"href":"https:\/\/reces.it\/es\/wp-json\/wp\/v2\/product_brand?post=3866"},{"taxonomy":"product_cat","embeddable":true,"href":"https:\/\/reces.it\/es\/wp-json\/wp\/v2\/product_cat?post=3866"},{"taxonomy":"product_tag","embeddable":true,"href":"https:\/\/reces.it\/es\/wp-json\/wp\/v2\/product_tag?post=3866"}],"curies":[{"name":"wp","href":"https:\/\/api.w.org\/{rel}","templated":true}]}}