{"id":3859,"date":"2025-12-11T15:48:02","date_gmt":"2025-12-11T14:48:02","guid":{"rendered":"https:\/\/newsite.reces.it\/prodotto\/futura-1-t-c-2\/"},"modified":"2025-12-19T16:11:49","modified_gmt":"2025-12-19T15:11:49","slug":"futura-1-t-c-2","status":"publish","type":"product","link":"https:\/\/reces.it\/es\/prodotto\/futura-1-t-c-2\/","title":{"rendered":"FUTURA 1 T.C."},"content":{"rendered":"<p>La <strong>FUTURA 1 T.C.<\/strong> es una <strong>premontadora-montadora<\/strong> <strong>de 9 pinzas de funcionamiento hidr\u00e1ulico<\/strong>, dotada de 9 pinzas independientes y completa de equipo para la inyecci\u00f3n de adhesivo termopl\u00e1stico.<\/p>\n<p>La m\u00e1quina es apta para la <strong>fabricaci\u00f3n de calzado<\/strong> de caballero, se\u00f1ora, calzado de seguridad y tambi\u00e9n para la <strong>fabricaci\u00f3n Goodyear<\/strong>.<\/p>\n<p>La FUTURA 1 T.C. est\u00e1 <strong>disponible \u00fanicamente para pa\u00edses fuera de la CEE\/UE<\/strong> (Extra-comunitarios).<\/p>\n","protected":false},"excerpt":{"rendered":"<p>Premontadora-montadora disponible \u00fanicamente para pa\u00edses fuera de la CEE\/UE.<\/p>\n","protected":false},"featured_media":3387,"template":"","meta":[],"product_brand":[],"product_cat":[70],"product_tag":[],"class_list":{"0":"post-3859","1":"product","2":"type-product","3":"status-publish","4":"has-post-thumbnail","6":"product_cat-maquina-para-centrar-y-montar","8":"first","9":"instock","10":"shipping-taxable","11":"product-type-simple"},"_links":{"self":[{"href":"https:\/\/reces.it\/es\/wp-json\/wp\/v2\/product\/3859","targetHints":{"allow":["GET"]}}],"collection":[{"href":"https:\/\/reces.it\/es\/wp-json\/wp\/v2\/product"}],"about":[{"href":"https:\/\/reces.it\/es\/wp-json\/wp\/v2\/types\/product"}],"version-history":[{"count":3,"href":"https:\/\/reces.it\/es\/wp-json\/wp\/v2\/product\/3859\/revisions"}],"predecessor-version":[{"id":3864,"href":"https:\/\/reces.it\/es\/wp-json\/wp\/v2\/product\/3859\/revisions\/3864"}],"wp:featuredmedia":[{"embeddable":true,"href":"https:\/\/reces.it\/es\/wp-json\/wp\/v2\/media\/3387"}],"wp:attachment":[{"href":"https:\/\/reces.it\/es\/wp-json\/wp\/v2\/media?parent=3859"}],"wp:term":[{"taxonomy":"product_brand","embeddable":true,"href":"https:\/\/reces.it\/es\/wp-json\/wp\/v2\/product_brand?post=3859"},{"taxonomy":"product_cat","embeddable":true,"href":"https:\/\/reces.it\/es\/wp-json\/wp\/v2\/product_cat?post=3859"},{"taxonomy":"product_tag","embeddable":true,"href":"https:\/\/reces.it\/es\/wp-json\/wp\/v2\/product_tag?post=3859"}],"curies":[{"name":"wp","href":"https:\/\/api.w.org\/{rel}","templated":true}]}}