{"id":3857,"date":"2025-12-11T12:36:07","date_gmt":"2025-12-11T11:36:07","guid":{"rendered":"https:\/\/newsite.reces.it\/prodotto\/nova-4-tc-premontadora-montadora\/"},"modified":"2025-12-11T12:36:07","modified_gmt":"2025-12-11T11:36:07","slug":"nova-4-tc-premontadora-montadora","status":"publish","type":"product","link":"https:\/\/reces.it\/es\/prodotto\/nova-4-tc-premontadora-montadora\/","title":{"rendered":"NOVA 4 TC Premontadora-Montadora"},"content":{"rendered":"<p>La <strong>aplicaci\u00f3n del adhesivo termopl\u00e1stico<\/strong> se realiza mediante <strong>1 inyector tradicional<\/strong> que aplica el adhesivo termopl\u00e1stico de tipo poli\u00e9ster a la palmilla.<\/p>\n<p>La <strong>Nova 4 TC<\/strong> puede utilizarse para la <strong>fabricaci\u00f3n de calzado<\/strong> de hombre, mujer y ni\u00f1o, adem\u00e1s de <strong>calzado de seguridad<\/strong> y <strong>Goodyear<\/strong>. Existe, bajo pedido, una versi\u00f3n equipada con dispositivos adicionales para la <strong>fabricaci\u00f3n IDEAL<\/strong>.<\/p>\n<p>La m\u00e1quina dispone de <strong>9 pinzas independientes<\/strong>, tanto en subida\/bajada como en apertura. Esto permite un <strong>excelente control de la posici\u00f3n del corte sobre la horma<\/strong> y una <strong>reducci\u00f3n de los tiempos<\/strong> necesarios para la fase de <strong>centrado del corte<\/strong>. Las pinzas est\u00e1n montadas sobre placas m\u00f3viles que, a su vez, son regulables por el operador mediante interruptores que permiten su r\u00e1pido posicionamiento cuando se cambia la horma en producci\u00f3n.<br \/>\nAdem\u00e1s, la <strong>Nova 4 TC<\/strong> est\u00e1 dotada de un sistema especial que permite sustituir la pinza central (en funci\u00f3n del tipo de horma) y ensanchar o estrechar simult\u00e1neamente, con la simple rotaci\u00f3n de un mando, el grupo de pinzas derecho e izquierdo. Esto garantiza que no quede espacio entre la pinza de punta sustituida y las pinzas a su derecha e izquierda en cuesti\u00f3n de pocos segundos.<\/p>\n<p>La m\u00e1quina dispone de <strong>5 puntos de empuje del tefl\u00f3n<\/strong>. Esto permite una <strong>distribuci\u00f3n precisa de la presi\u00f3n<\/strong> a lo largo de todo el per\u00edmetro de la punta Adem\u00e1s, la creaci\u00f3n de &#8216;entalladuras&#8217; de geometr\u00eda especial en el interior del tefl\u00f3n y un tipo de enganche central espec\u00edfico permiten que el propio tefl\u00f3n se adapte mejor a las diversas numeraciones en producci\u00f3n, as\u00ed como a perfiles de hormas similares aunque sean diferentes entre s\u00ed. La presi\u00f3n es <strong>regulable<\/strong> y es posible configurar incluso 2 presiones diferentes (una para la punta y otra para el enfranque).<\/p>\n<p>La <strong>Nova 4 TC<\/strong> est\u00e1 dotada, bajo pedido, de un <strong>intercambiador de calor aire\/aceite<\/strong> que permite el enfriamiento del aceite del circuito hidr\u00e1ulico. Este sistema especial mantiene la <strong>temperatura del aceite constante<\/strong> durante toda la jornada, de modo que todos los <strong>movimientos de la m\u00e1quina<\/strong> <strong>se ejecuten con la misma velocidad<\/strong> durante todo el d\u00eda.<br \/>\nAdem\u00e1s, el sistema de refrigeraci\u00f3n <strong>aumenta la vida \u00fatil de los componentes hidr\u00e1ulicos<\/strong> de la m\u00e1quina, ya que mantiene la temperatura del aceite en el nivel \u00f3ptimo sugerido por los fabricantes de componentes oleodin\u00e1micos (juntas, tubos, v\u00e1lvulas, etc.). Al mantener el aceite a una temperatura \u00f3ptima, <strong>se conserva la viscosidad del mismo a lo largo del tiempo<\/strong>, reduciendo las posibles fugas de aceite a trav\u00e9s de las juntas de estanqueidad.<br \/>\nPor \u00faltimo, el sistema de refrigeraci\u00f3n permite el <strong>uso continuado de la m\u00e1quina<\/strong> (incluso en 3 turnos diarios), <strong>incluso en pa\u00edses con clima tropical<\/strong>.<\/p>\n","protected":false},"excerpt":{"rendered":"<p>La Nova 4 TC es una premontadora-montadora hidr\u00e1ulica dotada de 9 pinzas, apta para el montado de la punta, el enfranque y el entalle (en la versi\u00f3n SR).<\/p>\n","protected":false},"featured_media":3356,"template":"","meta":[],"product_brand":[],"product_cat":[70],"product_tag":[],"class_list":{"0":"post-3857","1":"product","2":"type-product","3":"status-publish","4":"has-post-thumbnail","6":"product_cat-maquina-para-centrar-y-montar","8":"first","9":"instock","10":"shipping-taxable","11":"product-type-simple"},"_links":{"self":[{"href":"https:\/\/reces.it\/es\/wp-json\/wp\/v2\/product\/3857","targetHints":{"allow":["GET"]}}],"collection":[{"href":"https:\/\/reces.it\/es\/wp-json\/wp\/v2\/product"}],"about":[{"href":"https:\/\/reces.it\/es\/wp-json\/wp\/v2\/types\/product"}],"version-history":[{"count":0,"href":"https:\/\/reces.it\/es\/wp-json\/wp\/v2\/product\/3857\/revisions"}],"wp:featuredmedia":[{"embeddable":true,"href":"https:\/\/reces.it\/es\/wp-json\/wp\/v2\/media\/3356"}],"wp:attachment":[{"href":"https:\/\/reces.it\/es\/wp-json\/wp\/v2\/media?parent=3857"}],"wp:term":[{"taxonomy":"product_brand","embeddable":true,"href":"https:\/\/reces.it\/es\/wp-json\/wp\/v2\/product_brand?post=3857"},{"taxonomy":"product_cat","embeddable":true,"href":"https:\/\/reces.it\/es\/wp-json\/wp\/v2\/product_cat?post=3857"},{"taxonomy":"product_tag","embeddable":true,"href":"https:\/\/reces.it\/es\/wp-json\/wp\/v2\/product_tag?post=3857"}],"curies":[{"name":"wp","href":"https:\/\/api.w.org\/{rel}","templated":true}]}}