{"id":3853,"date":"2025-12-09T16:16:37","date_gmt":"2025-12-09T15:16:37","guid":{"rendered":"https:\/\/newsite.reces.it\/prodotto\/nova-4-sr-ip-master-2\/"},"modified":"2025-12-09T16:16:37","modified_gmt":"2025-12-09T15:16:37","slug":"nova-4-sr-ip-master-2","status":"publish","type":"product","link":"https:\/\/reces.it\/es\/prodotto\/nova-4-sr-ip-master-2\/","title":{"rendered":"NOVA 4 SR IP Master"},"content":{"rendered":"<p data-path-to-node=\"4\">La principal <strong>novedad<\/strong> de esta nueva <b>premontadora<\/b> de la <strong>serie Master<\/strong>, fabricada por <strong>RECES<\/strong>, consiste en el empleo de <b>dos<\/b> <strong>inyectores programables <\/strong>para la aplicaci\u00f3n del adhesivo termopl\u00e1stico en la punta, el enfranque y la uni\u00f3n planta-cava, en lugar del inyector tradicional. Los dos inyectores programables, <b>controlados por CNC<\/b>, realizan la aplicaci\u00f3n del adhesivo termopl\u00e1stico de forma precisa y uniforme, siguiendo el contorno programado. Estos inyectores eliminan por completo el uso de los sistemas tradicionales y evitan, por tanto, la necesidad de sustituir el inyector o la boquilla al cambiar de horma. Esto <strong>reduce tanto los tiempos<\/strong> vinculados al frecuente <b>cambio de horma<\/b> en producci\u00f3n, <strong>como los costes<\/strong> derivados de los diversos <strong>utillajes<\/strong> necesarios para trabajar con numerosos modelos de hormas diferentes.   <\/p>\n<p data-path-to-node=\"4\">La <strong>alta velocidad de aplicaci\u00f3n del adhesivo<\/strong> est\u00e1 garantizada por una secuencia especial y por los motores <i>brushless<\/i> de \u00faltima generaci\u00f3n utilizados para el movimiento de los inyectores. Este sistema permite que la diferencia en la velocidad de ejecuci\u00f3n sea imperceptible en comparaci\u00f3n con las m\u00e1quinas equipadas con inyector tradicional (cuyo punto fuerte es, precisamente, la elevada velocidad de aplicaci\u00f3n).<\/p>\n<p data-path-to-node=\"4\">Se ha prestado especial atenci\u00f3n al sistema de programaci\u00f3n. Gracias a la nueva <b>pantalla t\u00e1ctil a color<\/b> (Touch Screen) que incorpora la <strong>Nova 4 SR Master I\/P<\/strong>, la <strong>programaci\u00f3n<\/strong> y el <strong>uso<\/strong> son <strong>sencillos e inmediatos<\/strong>. Es posible controlar todos los par\u00e1metros relativos a la m\u00e1quina y a la horma en producci\u00f3n, as\u00ed como acceder a las funciones de programaci\u00f3n mediante comandos simples. Adem\u00e1s, la pantalla muestra en todo momento indicaciones que ayudan al operador a realizar todos los procedimientos de manera correcta.   <\/p>\n<p data-path-to-node=\"4\">Estos nuevos inyectores, junto con la nueva pantalla t\u00e1ctil, los 100 programas memorizables y los dispositivos ya disponibles en las Nova 4 de la serie Master \u2014como el ajuste autom\u00e1tico de la posici\u00f3n de las pinzas y el sistema de cambio r\u00e1pido de pinzas, entre otros\u2014 convierten a la <strong>Nova 4 SR I\/P Master<\/strong> en una <strong>premontadora-montadora<\/strong> especialmente adecuada para la <strong>fabricaci\u00f3n de calzado de calidad<\/strong> para hombre, mujer y ni\u00f1o. Es <strong>ideal para su uso en f\u00e1bricas de calzado<\/strong> donde la producci\u00f3n diaria incluye modelos, hormas y materiales muy diversos entre s\u00ed. Por \u00faltimo, sus excepcionales dotes de flexibilidad la hacen <strong>perfecta tambi\u00e9n para empresas dedicate al montaje para terceros<\/strong> (subcontrataci\u00f3n). <\/p>\n","protected":false},"excerpt":{"rendered":"<p>Premontadora-montadora RECES equipada con 9 pinzas, modelo NOVA 4 MASTER SR I\/P.<\/p>\n","protected":false},"featured_media":3317,"template":"","meta":[],"product_brand":[],"product_cat":[70],"product_tag":[],"class_list":{"0":"post-3853","1":"product","2":"type-product","3":"status-publish","4":"has-post-thumbnail","6":"product_cat-maquina-para-centrar-y-montar","8":"first","9":"instock","10":"shipping-taxable","11":"product-type-simple"},"_links":{"self":[{"href":"https:\/\/reces.it\/es\/wp-json\/wp\/v2\/product\/3853","targetHints":{"allow":["GET"]}}],"collection":[{"href":"https:\/\/reces.it\/es\/wp-json\/wp\/v2\/product"}],"about":[{"href":"https:\/\/reces.it\/es\/wp-json\/wp\/v2\/types\/product"}],"version-history":[{"count":0,"href":"https:\/\/reces.it\/es\/wp-json\/wp\/v2\/product\/3853\/revisions"}],"wp:featuredmedia":[{"embeddable":true,"href":"https:\/\/reces.it\/es\/wp-json\/wp\/v2\/media\/3317"}],"wp:attachment":[{"href":"https:\/\/reces.it\/es\/wp-json\/wp\/v2\/media?parent=3853"}],"wp:term":[{"taxonomy":"product_brand","embeddable":true,"href":"https:\/\/reces.it\/es\/wp-json\/wp\/v2\/product_brand?post=3853"},{"taxonomy":"product_cat","embeddable":true,"href":"https:\/\/reces.it\/es\/wp-json\/wp\/v2\/product_cat?post=3853"},{"taxonomy":"product_tag","embeddable":true,"href":"https:\/\/reces.it\/es\/wp-json\/wp\/v2\/product_tag?post=3853"}],"curies":[{"name":"wp","href":"https:\/\/api.w.org\/{rel}","templated":true}]}}